{"id":2799,"date":"2026-01-06T10:40:31","date_gmt":"2026-01-06T09:40:31","guid":{"rendered":"https:\/\/innosciencelab.com\/?page_id=2799"},"modified":"2026-04-08T13:58:20","modified_gmt":"2026-04-08T11:58:20","slug":"support","status":"publish","type":"page","link":"https:\/\/innosciencelab.com\/hu\/support\/","title":{"rendered":"T\u00e1mogat\u00e1s"},"content":{"rendered":"<style>.kadence-column2799_04044e-47 > .kt-inside-inner-col,.kadence-column2799_04044e-47 > .kt-inside-inner-col:before{border-top-left-radius:0px;border-top-right-radius:0px;border-bottom-right-radius:0px;border-bottom-left-radius:0px;}.kadence-column2799_04044e-47 > .kt-inside-inner-col{column-gap:var(--global-kb-gap-sm, 1rem);}.kadence-column2799_04044e-47 > .kt-inside-inner-col{flex-direction:column;}.kadence-column2799_04044e-47 > .kt-inside-inner-col > .aligncenter{width:100%;}.kadence-column2799_04044e-47 > .kt-inside-inner-col:before{opacity:0.3;}.kadence-column2799_04044e-47{position:relative;}@media all and (max-width: 1024px){.kadence-column2799_04044e-47 > .kt-inside-inner-col{flex-direction:column;justify-content:center;}}@media all and (max-width: 767px){.kadence-column2799_04044e-47 > .kt-inside-inner-col{flex-direction:column;justify-content:center;}}<\/style>\n<div class=\"wp-block-kadence-column kadence-column2799_04044e-47\"><div class=\"kt-inside-inner-col\"><style>.kadence-column2799_b9d11f-3d > .kt-inside-inner-col,.kadence-column2799_b9d11f-3d > .kt-inside-inner-col:before{border-top-left-radius:0px;border-top-right-radius:0px;border-bottom-right-radius:0px;border-bottom-left-radius:0px;}.kadence-column2799_b9d11f-3d > .kt-inside-inner-col{column-gap:var(--global-kb-gap-sm, 1rem);}.kadence-column2799_b9d11f-3d > .kt-inside-inner-col{flex-direction:column;}.kadence-column2799_b9d11f-3d > .kt-inside-inner-col > .aligncenter{width:100%;}.kadence-column2799_b9d11f-3d > .kt-inside-inner-col:before{opacity:0.3;}.kadence-column2799_b9d11f-3d{position:relative;}@media all and (max-width: 1024px){.kadence-column2799_b9d11f-3d > .kt-inside-inner-col{flex-direction:column;justify-content:center;}}@media all and (max-width: 767px){.kadence-column2799_b9d11f-3d > .kt-inside-inner-col{flex-direction:column;justify-content:center;}}<\/style>\n<div class=\"wp-block-kadence-column kadence-column2799_b9d11f-3d\"><div class=\"kt-inside-inner-col\">\n<div class=\"wp-block-group alignfull has-theme-palette-2-background-color has-background\" style=\"margin-top:0;margin-bottom:0;padding-right:10rem;padding-left:10rem\"><div class=\"wp-block-group__inner-container is-layout-flow wp-block-group-is-layout-flow\">\n<div class=\"wp-block-columns alignwide is-layout-flex wp-container-core-columns-is-layout-9d6595d7 wp-block-columns-is-layout-flex\">\n<div class=\"wp-block-column is-layout-flow wp-block-column-is-layout-flow\" style=\"flex-basis:50%\">\n<p class=\"has-text-align-right has-text-color\" style=\"color:#000000;font-size:50px;line-height:1.1\"><strong>T\u00e1mogat\u00e1s<\/strong><\/p>\n<\/div>\n\n\n\n<div class=\"wp-block-column is-vertically-aligned-bottom is-layout-flow wp-block-column-is-layout-flow\" style=\"flex-basis:90%\">\n<hr class=\"wp-block-separator has-text-color has-css-opacity has-background is-style-wide\" style=\"background-color:#000000;color:#000000\"\/>\n<\/div>\n<\/div>\n\n\n\n<div class=\"wp-block-columns alignwide is-layout-flex wp-container-core-columns-is-layout-9d6595d7 wp-block-columns-is-layout-flex\">\n<div class=\"wp-block-column is-layout-flow wp-block-column-is-layout-flow\" style=\"padding-right:0;padding-left:0\"><\/div>\n\n\n\n<div class=\"wp-block-column is-layout-flow wp-block-column-is-layout-flow\">\n<p class=\"has-text-color has-extra-small-font-size\" style=\"color:#000000;margin-right:var(--wp--preset--spacing--40);margin-left:var(--wp--preset--spacing--40)\">A Z\u00e1gon Csal\u00e1di Alap\u00edtv\u00e1ny (ZA) 2016-ban j\u00f6tt l\u00e9tre azzal a c\u00e9llal, hogy hozz\u00e1j\u00e1ruljon a gy\u00f3gy\u00edthatatlan idegrendszeri betegs\u00e9gekkel kapcsolatos kutat\u00e1sokhoz \u00e9s el\u0151seg\u00edtse \u00faj gy\u00f3gyszerc\u00e9lpontok azonos\u00edt\u00e1s\u00e1t, mik\u00f6zben el\u0151re l\u00e1that\u00f3 szakmai karrierlehet\u0151s\u00e9get k\u00edn\u00e1l magyarorsz\u00e1gi PhD-hallgat\u00f3knak \u00e9s posztdoktori kutat\u00f3knak. C\u00e9ljainak el\u00e9r\u00e9se \u00e9rdek\u00e9ben a ZA megalap\u00edtotta az Innoscience Hungary Kft-t (Innoscience), amely az ELTE kor\u00e1bbi Proteomikai Laborat\u00f3rium\u00e1nak infrastrukt\u00far\u00e1j\u00e1ra \u00e9p\u00fcl. A ZA\u2013Innoscience kutat\u00f3i k\u00f6z\u00f6ss\u00e9g jelenleg k\u00f6r\u00fclbel\u00fcl 10 tagb\u00f3l \u00e1ll. Az Innoscience ipari egy\u00fcttm\u0171k\u00f6d\u00e9sekben is r\u00e9szt vesz, t\u00f6bbek k\u00f6z\u00f6tt a Richter Gedeon Zrt. innov\u00e1ci\u00f3s \u00f6kosziszt\u00e9m\u00e1j\u00e1hoz kapcsol\u00f3d\u00f3 k\u00f6z\u00f6s szakmai projektekben.<\/p>\n<\/div>\n\n\n\n<div class=\"wp-block-column is-layout-flow wp-block-column-is-layout-flow\">\n<p style=\"margin-right:var(--wp--preset--spacing--40);margin-left:var(--wp--preset--spacing--40)\"><strong>Mi\u00e9rt van sz\u00fcks\u00e9g t\u00e1mogat\u00e1sra?<\/strong><br>A hazai kutat\u00e1si finansz\u00edroz\u00e1s gyakran ciklikus \u00e9s nehezen tervezhet\u0151: el\u0151fordulhatnak olyan id\u0151szakok, amikor az p\u00e1ly\u00e1zatok, a kifizet\u00e9sek k\u00f6z\u00f6tti id\u0151 vagy az \u00faj p\u00e1ly\u00e1zati felh\u00edv\u00e1sok hi\u00e1nya miatt ideiglenes finansz\u00edroz\u00e1si hi\u00e1ny keletkezik. Ezekben a h\u00f3napokban a fiatal kutat\u00f3k k\u00fcl\u00f6n\u00f6sen sebezhet\u0151ek: az elvesztett poz\u00edci\u00f3kat \u00e9s tehets\u00e9geket k\u00e9s\u0151bb neh\u00e9z p\u00f3tolni. Az elm\u00falt \u00e9vekben a ZA biztos\u00edtotta m\u0171k\u00f6d\u00e9s\u00e9nek folytonoss\u00e1g\u00e1t \u00e9s az Innoscience inkub\u00e1l\u00e1s\u00e1t alap\u00edt\u00f3 t\u0151k\u00e9j\u00e9b\u0151l; c\u00e9lunk, hogy m\u0171k\u00f6d\u00e9s\u00fcnk egyre nagyobb h\u00e1nyad\u00e1t saj\u00e1t bev\u00e9teleinkb\u0151l \u00e9s t\u00e1mogat\u00e1sokb\u00f3l fedezz\u00fck, mik\u00f6zben k\u00fcls\u0151 t\u00e1mogat\u00f3kat is bevonunk a stabilit\u00e1s biztos\u00edt\u00e1sa \u00e9rdek\u00e9ben.<\/p>\n<\/div>\n<\/div>\n\n\n<style>.wp-block-kadence-column.kb-section-dir-horizontal > .kt-inside-inner-col > .kt-info-box2799_c27603-35{max-width:2000px;}.wp-block-kadence-column.kb-section-dir-horizontal > .kt-inside-inner-col > .kt-info-box2799_c27603-35 .kt-blocks-info-box-link-wrap{max-width:unset;}.kt-info-box2799_c27603-35 .kt-blocks-info-box-link-wrap{border-top:5px solid var(--global-palette7, #eeeeee);border-right:5px solid var(--global-palette7, #eeeeee);border-bottom:5px solid var(--global-palette7, #eeeeee);border-left:5px solid var(--global-palette7, #eeeeee);border-top-left-radius:30px;border-top-right-radius:30px;border-bottom-right-radius:30px;border-bottom-left-radius:30px;background:#ffffff;max-width:2000px;padding-top:var(--global-kb-spacing-xs, 1rem);padding-right:var(--global-kb-spacing-xs, 1rem);padding-bottom:var(--global-kb-spacing-xs, 1rem);padding-left:var(--global-kb-spacing-xs, 1rem);margin-right:var(--global-kb-spacing-4xl, 8rem);margin-left:var(--global-kb-spacing-5xl, 10rem);}.kt-info-box2799_c27603-35 .kadence-info-box-icon-container .kt-info-svg-icon, .kt-info-box2799_c27603-35 .kt-info-svg-icon-flip, .kt-info-box2799_c27603-35 .kt-blocks-info-box-number{font-size:50px;}.kt-info-box2799_c27603-35 .kt-blocks-info-box-media{color:var(--global-palette1, #3182CE);border-radius:200px;overflow:hidden;border-top-width:0px;border-right-width:0px;border-bottom-width:0px;border-left-width:0px;padding-top:20px;padding-right:20px;padding-bottom:20px;padding-left:20px;margin-top:0px;margin-right:20px;margin-bottom:0px;margin-left:0px;}.kt-info-box2799_c27603-35 .kt-blocks-info-box-media .kadence-info-box-image-intrisic img{border-radius:200px;}.kt-info-box2799_c27603-35 .kt-infobox-textcontent h2.kt-blocks-info-box-title{padding-top:0px;padding-right:0px;padding-bottom:0px;padding-left:0px;margin-top:5px;margin-right:0px;margin-bottom:10px;margin-left:0px;}.kt-info-box2799_c27603-35 .kt-blocks-info-box-learnmore{background:transparent;border-width:0px 0px 0px 0px;padding-top:4px;padding-right:8px;padding-bottom:4px;padding-left:8px;margin-top:10px;margin-right:0px;margin-bottom:10px;margin-left:0px;}@media all and (max-width: 1024px){.kt-info-box2799_c27603-35 .kt-blocks-info-box-link-wrap{border-top:5px solid var(--global-palette7, #eeeeee);border-right:5px solid var(--global-palette7, #eeeeee);border-bottom:5px solid var(--global-palette7, #eeeeee);border-left:5px solid var(--global-palette7, #eeeeee);}}@media all and (max-width: 767px){.kt-info-box2799_c27603-35 .kt-blocks-info-box-link-wrap{border-top:5px solid var(--global-palette7, #eeeeee);border-right:5px solid var(--global-palette7, #eeeeee);border-bottom:5px solid var(--global-palette7, #eeeeee);border-left:5px solid var(--global-palette7, #eeeeee);}}<\/style>\n<div class=\"wp-block-kadence-infobox kt-info-box2799_c27603-35\"><span class=\"kt-blocks-info-box-link-wrap info-box-link kt-blocks-info-box-media-align-left kt-info-halign-left\"><div class=\"kt-blocks-info-box-media-container\"><div class=\"kt-blocks-info-box-media kt-info-media-animate-none\"><div class=\"kadence-info-box-icon-container kt-info-icon-animate-none\"><div class=\"kadence-info-box-icon-inner-container\"><span class=\"kb-svg-icon-wrap kb-svg-icon-fe_anchor kt-info-svg-icon\"><svg viewbox=\"0 0 24 24\"  fill=\"none\" stroke=\"currentColor\" stroke-width=\"2\" stroke-linecap=\"round\" stroke-linejoin=\"round\" xmlns=\"http:\/\/www.w3.org\/2000\/svg\"  aria-hidden=\"true\"><circle cx=\"12\" cy=\"5\" r=\"3\"\/><line x1=\"12\" y1=\"22\" x2=\"12\" y2=\"8\"\/><path d=\"M5 12H2a10 10 0 0 0 20 0h-3\"\/><\/svg><\/span><\/div><\/div><\/div><\/div><div class=\"kt-infobox-textcontent\"><h2 class=\"kt-blocks-info-box-title\">Mire haszn\u00e1ljuk a t\u00e1mogat\u00e1st?<\/h2><p class=\"kt-blocks-info-box-text\"><strong>\u2013 Kutat\u00e1si eszk\u00f6z\u00f6k \u00e9s technol\u00f3giai fejleszt\u00e9sek. A modern, megb\u00edzhat\u00f3 infrastrukt\u00fara alapvet\u0151 k\u00f6vetelm\u00e9ny a reproduk\u00e1lhat\u00f3 \u00e9s nemzetk\u00f6zi szinten versenyk\u00e9pes kutat\u00e1shoz. A finansz\u00edroz\u00e1st \u00faj technol\u00f3gi\u00e1khoz sz\u00fcks\u00e9ges eszk\u00f6z\u00f6k beszerz\u00e9s\u00e9re ford\u00edtjuk, \u00e9s elfogadunk eszk\u00f6zadom\u00e1nyokat is (pl. v\u00e1llalati eszk\u00f6z\u00f6k \u00e1truh\u00e1z\u00e1sa).<br>\u2013 A fizet\u00e9sek \u00e9s a m\u0171k\u00f6d\u00e9si k\u00f6lts\u00e9gek \u00e1thidal\u00e1sa. A t\u00e1mogat\u00e1sok k\u00f6z\u00f6tti id\u0151szakokban gondoskodunk arr\u00f3l, hogy a kutat\u00f3k munk\u00e1ja \u00e9s meg\u00e9lhet\u00e9se ne ker\u00fclj\u00f6n vesz\u00e9lybe, \u00e9s a projektek ne szakadjanak meg.<\/strong><\/p><\/div><\/span><\/div>\n\n\n<style>.wp-block-kadence-column.kb-section-dir-horizontal > .kt-inside-inner-col > .kt-info-box2799_b041cb-9b{max-width:2000px;}.wp-block-kadence-column.kb-section-dir-horizontal > .kt-inside-inner-col > .kt-info-box2799_b041cb-9b .kt-blocks-info-box-link-wrap{max-width:unset;}.kt-info-box2799_b041cb-9b .kt-blocks-info-box-link-wrap{border-top:5px solid var(--global-palette7, #eeeeee);border-right:5px solid var(--global-palette7, #eeeeee);border-bottom:5px solid var(--global-palette7, #eeeeee);border-left:5px solid var(--global-palette7, #eeeeee);border-top-left-radius:30px;border-top-right-radius:30px;border-bottom-right-radius:30px;border-bottom-left-radius:30px;background:#ffffff;max-width:2000px;padding-top:var(--global-kb-spacing-xs, 1rem);padding-right:var(--global-kb-spacing-xs, 1rem);padding-bottom:var(--global-kb-spacing-xs, 1rem);padding-left:var(--global-kb-spacing-xs, 1rem);margin-right:var(--global-kb-spacing-4xl, 8rem);margin-left:var(--global-kb-spacing-5xl, 10rem);}.kt-info-box2799_b041cb-9b .kadence-info-box-icon-container .kt-info-svg-icon, .kt-info-box2799_b041cb-9b .kt-info-svg-icon-flip, .kt-info-box2799_b041cb-9b .kt-blocks-info-box-number{font-size:50px;}.kt-info-box2799_b041cb-9b .kt-blocks-info-box-media{color:var(--global-palette1, #3182CE);border-radius:200px;overflow:hidden;border-top-width:0px;border-right-width:0px;border-bottom-width:0px;border-left-width:0px;padding-top:20px;padding-right:20px;padding-bottom:20px;padding-left:20px;margin-top:0px;margin-right:20px;margin-bottom:0px;margin-left:0px;}.kt-info-box2799_b041cb-9b .kt-blocks-info-box-media .kadence-info-box-image-intrisic img{border-radius:200px;}.kt-info-box2799_b041cb-9b .kt-infobox-textcontent h2.kt-blocks-info-box-title{padding-top:0px;padding-right:0px;padding-bottom:0px;padding-left:0px;margin-top:5px;margin-right:0px;margin-bottom:10px;margin-left:0px;}.kt-info-box2799_b041cb-9b .kt-blocks-info-box-learnmore{background:transparent;border-width:0px 0px 0px 0px;padding-top:4px;padding-right:8px;padding-bottom:4px;padding-left:8px;margin-top:10px;margin-right:0px;margin-bottom:10px;margin-left:0px;}@media all and (max-width: 1024px){.kt-info-box2799_b041cb-9b .kt-blocks-info-box-link-wrap{border-top:5px solid var(--global-palette7, #eeeeee);border-right:5px solid var(--global-palette7, #eeeeee);border-bottom:5px solid var(--global-palette7, #eeeeee);border-left:5px solid var(--global-palette7, #eeeeee);}}@media all and (max-width: 767px){.kt-info-box2799_b041cb-9b .kt-blocks-info-box-link-wrap{border-top:5px solid var(--global-palette7, #eeeeee);border-right:5px solid var(--global-palette7, #eeeeee);border-bottom:5px solid var(--global-palette7, #eeeeee);border-left:5px solid var(--global-palette7, #eeeeee);}}<\/style>\n<div class=\"wp-block-kadence-infobox kt-info-box2799_b041cb-9b\"><span class=\"kt-blocks-info-box-link-wrap info-box-link kt-blocks-info-box-media-align-left kt-info-halign-left\"><div class=\"kt-blocks-info-box-media-container\"><div class=\"kt-blocks-info-box-media kt-info-media-animate-none\"><div class=\"kadence-info-box-icon-container kt-info-icon-animate-none\"><div class=\"kadence-info-box-icon-inner-container\"><span class=\"kb-svg-icon-wrap kb-svg-icon-fe_share2 kt-info-svg-icon\"><svg viewbox=\"0 0 24 24\"  fill=\"none\" stroke=\"currentColor\" stroke-width=\"2\" stroke-linecap=\"round\" stroke-linejoin=\"round\" xmlns=\"http:\/\/www.w3.org\/2000\/svg\"  aria-hidden=\"true\"><circle cx=\"18\" cy=\"5\" r=\"3\"\/><circle cx=\"6\" cy=\"12\" r=\"3\"\/><circle cx=\"18\" cy=\"19\" r=\"3\"\/><line x1=\"8.59\" y1=\"13.51\" x2=\"15.42\" y2=\"17.49\"\/><line x1=\"15.41\" y1=\"6.51\" x2=\"8.59\" y2=\"10.49\"\/><\/svg><\/span><\/div><\/div><\/div><\/div><div class=\"kt-infobox-textcontent\"><h2 class=\"kt-blocks-info-box-title\">F\u0151 c\u00e9ljaink:<\/h2><p class=\"kt-blocks-info-box-text\">&#8211; <strong>Neurol\u00f3giai \u00e9s pszichi\u00e1triai betegs\u00e9gek molekul\u00e1ris \u00e9s sziszt\u00e9m\u00e1s mechanizmusainak felt\u00e1r\u00e1sa <strong>genomikai,<\/strong><\/strong> <strong>proteomikai,<\/strong> <strong>elektrofiziol\u00f3giai<\/strong> <strong>\u00e9s viselked\u00e9sbeli megk\u00f6zel\u00edt\u00e9sek integr\u00e1l\u00e1s\u00e1val.<br>&#8211;<\/strong> <strong>A fiatal kutat\u00f3k megtart\u00e1sa \u00e9s karrierj\u00fck t\u00e1mogat\u00e1sa: kisz\u00e1m\u00edthat\u00f3 finansz\u00edroz\u00e1s, versenyk\u00e9pes szakmai k\u00f6rnyezet \u00e9s modern kutat\u00e1si infrastrukt\u00fara.<\/strong><\/p><\/div><\/span><\/div>\n<\/div><\/div>\n\n\n\n<p><\/p>\n<\/div><\/div>\n<\/div><\/div>\n\n\n\n<p><\/p>","protected":false},"excerpt":{"rendered":"<p>Support The Z\u00e1gon Family Foundation (ZA) was established in 2016 with the aim of contributing to research related to incurable neurological diseases and promoting the identification of new drug targets, while offering a predictable professional career path for PhD students and postdoctoral researchers in Hungary. To achieve its goals, the Foundation established Innoscience Hungary Kft&#8230;.<\/p>","protected":false},"author":2,"featured_media":0,"parent":0,"menu_order":0,"comment_status":"closed","ping_status":"closed","template":"","meta":{"_acf_changed":false,"_kadence_starter_templates_imported_post":false,"_kad_post_transparent":"","_kad_post_title":"","_kad_post_layout":"","_kad_post_sidebar_id":"","_kad_post_content_style":"","_kad_post_vertical_padding":"","_kad_post_feature":"","_kad_post_feature_position":"","_kad_post_header":false,"_kad_post_footer":false,"footnotes":""},"class_list":["post-2799","page","type-page","status-publish","hentry"],"acf":[],"_links":{"self":[{"href":"https:\/\/innosciencelab.com\/hu\/wp-json\/wp\/v2\/pages\/2799","targetHints":{"allow":["GET"]}}],"collection":[{"href":"https:\/\/innosciencelab.com\/hu\/wp-json\/wp\/v2\/pages"}],"about":[{"href":"https:\/\/innosciencelab.com\/hu\/wp-json\/wp\/v2\/types\/page"}],"author":[{"embeddable":true,"href":"https:\/\/innosciencelab.com\/hu\/wp-json\/wp\/v2\/users\/2"}],"replies":[{"embeddable":true,"href":"https:\/\/innosciencelab.com\/hu\/wp-json\/wp\/v2\/comments?post=2799"}],"version-history":[{"count":25,"href":"https:\/\/innosciencelab.com\/hu\/wp-json\/wp\/v2\/pages\/2799\/revisions"}],"predecessor-version":[{"id":2900,"href":"https:\/\/innosciencelab.com\/hu\/wp-json\/wp\/v2\/pages\/2799\/revisions\/2900"}],"wp:attachment":[{"href":"https:\/\/innosciencelab.com\/hu\/wp-json\/wp\/v2\/media?parent=2799"}],"curies":[{"name":"wp","href":"https:\/\/api.w.org\/{rel}","templated":true}]}}