{"id":2152,"date":"2024-06-07T12:53:54","date_gmt":"2024-06-07T10:53:54","guid":{"rendered":"https:\/\/innosciencelab.com\/?page_id=2152"},"modified":"2026-01-06T11:40:40","modified_gmt":"2026-01-06T10:40:40","slug":"contact","status":"publish","type":"page","link":"https:\/\/innosciencelab.com\/hu\/contact\/","title":{"rendered":"Kapcsolat"},"content":{"rendered":"<style>.kb-row-layout-id2152_7ea0fb-bb > .kt-row-column-wrap{align-content:start;}:where(.kb-row-layout-id2152_7ea0fb-bb > .kt-row-column-wrap) > .wp-block-kadence-column{justify-content:start;}.kb-row-layout-id2152_7ea0fb-bb > .kt-row-column-wrap{column-gap:var(--global-kb-gap-md, 2rem);row-gap:var(--global-kb-gap-md, 2rem);padding-top:var(--global-kb-spacing-sm, 1.5rem);padding-bottom:var(--global-kb-spacing-sm, 1.5rem);grid-template-columns:minmax(0, 1fr);}.kb-row-layout-id2152_7ea0fb-bb > .kt-row-layout-overlay{opacity:0.30;}@media all and (max-width: 1024px){.kb-row-layout-id2152_7ea0fb-bb > .kt-row-column-wrap{grid-template-columns:minmax(0, 1fr);}}@media all and (max-width: 767px){.kb-row-layout-id2152_7ea0fb-bb > .kt-row-column-wrap{grid-template-columns:minmax(0, 1fr);}}<\/style><div class=\"kb-row-layout-wrap kb-row-layout-id2152_7ea0fb-bb alignnone wp-block-kadence-rowlayout\"><div class=\"kt-row-column-wrap kt-has-1-columns kt-row-layout-equal kt-tab-layout-inherit kt-mobile-layout-row kt-row-valign-top\">\n<style>.kadence-column2152_0d496c-58 > .kt-inside-inner-col,.kadence-column2152_0d496c-58 > .kt-inside-inner-col:before{border-top-left-radius:0px;border-top-right-radius:0px;border-bottom-right-radius:0px;border-bottom-left-radius:0px;}.kadence-column2152_0d496c-58 > .kt-inside-inner-col{column-gap:var(--global-kb-gap-sm, 1rem);}.kadence-column2152_0d496c-58 > .kt-inside-inner-col{flex-direction:column;}.kadence-column2152_0d496c-58 > .kt-inside-inner-col > .aligncenter{width:100%;}.kadence-column2152_0d496c-58 > .kt-inside-inner-col:before{opacity:0.3;}.kadence-column2152_0d496c-58{position:relative;}@media all and (max-width: 1024px){.kadence-column2152_0d496c-58 > .kt-inside-inner-col{flex-direction:column;justify-content:center;}}@media all and (max-width: 767px){.kadence-column2152_0d496c-58 > .kt-inside-inner-col{flex-direction:column;justify-content:center;}}<\/style>\n<div class=\"wp-block-kadence-column kadence-column2152_0d496c-58\"><div class=\"kt-inside-inner-col\"><style>.wp-block-kadence-advancedheading.kt-adv-heading2152_ce1dac-5d, .wp-block-kadence-advancedheading.kt-adv-heading2152_ce1dac-5d[data-kb-block=\"kb-adv-heading2152_ce1dac-5d\"]{text-align:center;font-style:normal;}.wp-block-kadence-advancedheading.kt-adv-heading2152_ce1dac-5d mark.kt-highlight, .wp-block-kadence-advancedheading.kt-adv-heading2152_ce1dac-5d[data-kb-block=\"kb-adv-heading2152_ce1dac-5d\"] mark.kt-highlight{font-style:normal;color:#f76a0c;-webkit-box-decoration-break:clone;box-decoration-break:clone;padding-top:0px;padding-right:0px;padding-bottom:0px;padding-left:0px;}<\/style>\n<h2 class=\"kt-adv-heading2152_ce1dac-5d wp-block-kadence-advancedheading\" data-kb-block=\"kb-adv-heading2152_ce1dac-5d\">Kapcsolat<\/h2>\n<\/div><\/div>\n\n<\/div><\/div>\n\n<style>.kb-row-layout-id2152_4666d3-64 > .kt-row-column-wrap{align-content:start;}:where(.kb-row-layout-id2152_4666d3-64 > .kt-row-column-wrap) > .wp-block-kadence-column{justify-content:start;}.kb-row-layout-id2152_4666d3-64 > .kt-row-column-wrap{column-gap:var(--global-kb-gap-md, 2rem);row-gap:var(--global-kb-gap-md, 2rem);max-width:1200px;margin-left:auto;margin-right:auto;padding-top:var(--global-kb-spacing-sm, 1.5rem);padding-bottom:var(--global-kb-spacing-sm, 1.5rem);grid-template-columns:minmax(0, 1fr) minmax(0, 2fr);}.kb-row-layout-id2152_4666d3-64 > .kt-row-layout-overlay{opacity:0.30;}@media all and (max-width: 1024px){.kb-row-layout-id2152_4666d3-64 > .kt-row-column-wrap{grid-template-columns:minmax(0, 1fr) minmax(0, 2fr);}}@media all and (max-width: 767px){.kb-row-layout-id2152_4666d3-64 > .kt-row-column-wrap{grid-template-columns:minmax(0, 1fr);}}<\/style><div class=\"kb-row-layout-wrap kb-row-layout-id2152_4666d3-64 alignnone wp-block-kadence-rowlayout\"><div class=\"kt-row-column-wrap kt-has-2-columns kt-row-layout-right-golden kt-tab-layout-inherit kt-mobile-layout-row kt-row-valign-top\">\n<style>.kadence-column2152_94b151-c5 > .kt-inside-inner-col,.kadence-column2152_94b151-c5 > .kt-inside-inner-col:before{border-top-left-radius:0px;border-top-right-radius:0px;border-bottom-right-radius:0px;border-bottom-left-radius:0px;}.kadence-column2152_94b151-c5 > .kt-inside-inner-col{column-gap:var(--global-kb-gap-sm, 1rem);}.kadence-column2152_94b151-c5 > .kt-inside-inner-col{flex-direction:column;}.kadence-column2152_94b151-c5 > .kt-inside-inner-col > .aligncenter{width:100%;}.kadence-column2152_94b151-c5 > .kt-inside-inner-col:before{opacity:0.3;}.kadence-column2152_94b151-c5{position:relative;}@media all and (max-width: 1024px){.kadence-column2152_94b151-c5 > .kt-inside-inner-col{flex-direction:column;justify-content:center;}}@media all and (max-width: 767px){.kadence-column2152_94b151-c5 > .kt-inside-inner-col{flex-direction:column;justify-content:center;}}<\/style>\n<div class=\"wp-block-kadence-column kadence-column2152_94b151-c5\"><div class=\"kt-inside-inner-col\"><style>.wp-block-kadence-advancedheading.kt-adv-heading2152_4e7b25-7b, .wp-block-kadence-advancedheading.kt-adv-heading2152_4e7b25-7b[data-kb-block=\"kb-adv-heading2152_4e7b25-7b\"]{font-style:normal;}.wp-block-kadence-advancedheading.kt-adv-heading2152_4e7b25-7b mark.kt-highlight, .wp-block-kadence-advancedheading.kt-adv-heading2152_4e7b25-7b[data-kb-block=\"kb-adv-heading2152_4e7b25-7b\"] mark.kt-highlight{font-style:normal;color:#f76a0c;-webkit-box-decoration-break:clone;box-decoration-break:clone;padding-top:0px;padding-right:0px;padding-bottom:0px;padding-left:0px;}<\/style>\n<h4 class=\"kt-adv-heading2152_4e7b25-7b wp-block-kadence-advancedheading\" data-kb-block=\"kb-adv-heading2152_4e7b25-7b\">C\u00edm<\/h4>\n\n\n<style>.wp-block-kadence-advancedheading.kt-adv-heading2152_6d5e5c-7d, .wp-block-kadence-advancedheading.kt-adv-heading2152_6d5e5c-7d[data-kb-block=\"kb-adv-heading2152_6d5e5c-7d\"]{font-style:normal;}.wp-block-kadence-advancedheading.kt-adv-heading2152_6d5e5c-7d mark.kt-highlight, .wp-block-kadence-advancedheading.kt-adv-heading2152_6d5e5c-7d[data-kb-block=\"kb-adv-heading2152_6d5e5c-7d\"] mark.kt-highlight{font-style:normal;color:#f76a0c;-webkit-box-decoration-break:clone;box-decoration-break:clone;padding-top:0px;padding-right:0px;padding-bottom:0px;padding-left:0px;}<\/style>\n<div class=\"kt-adv-heading2152_6d5e5c-7d wp-block-kadence-advancedheading\" data-kb-block=\"kb-adv-heading2152_6d5e5c-7d\">E\u00f6tv\u00f6s Lor\u00e1nd Tudom\u00e1nyegyetem (ELTE)<br>Biok\u00e9mia Tansz\u00e9k<br>P\u00e1zm\u00e1ny P\u00e9ter s\u00e9t\u00e1ny 1\/c.<br>5. emelet, 5.204 szoba<br>Budapest 1117<br>Magyarorsz\u00e1g<\/div>\n\n\n<style>.wp-block-kadence-advancedheading.kt-adv-heading2152_67252b-b1, .wp-block-kadence-advancedheading.kt-adv-heading2152_67252b-b1[data-kb-block=\"kb-adv-heading2152_67252b-b1\"]{font-style:normal;}.wp-block-kadence-advancedheading.kt-adv-heading2152_67252b-b1 mark.kt-highlight, .wp-block-kadence-advancedheading.kt-adv-heading2152_67252b-b1[data-kb-block=\"kb-adv-heading2152_67252b-b1\"] mark.kt-highlight{font-style:normal;color:#f76a0c;-webkit-box-decoration-break:clone;box-decoration-break:clone;padding-top:0px;padding-right:0px;padding-bottom:0px;padding-left:0px;}<\/style>\n<h4 class=\"kt-adv-heading2152_67252b-b1 wp-block-kadence-advancedheading\" data-kb-block=\"kb-adv-heading2152_67252b-b1\">Email<\/h4>\n\n\n<style>.wp-block-kadence-advancedheading.kt-adv-heading2152_62a04a-44, .wp-block-kadence-advancedheading.kt-adv-heading2152_62a04a-44[data-kb-block=\"kb-adv-heading2152_62a04a-44\"]{font-style:normal;}.wp-block-kadence-advancedheading.kt-adv-heading2152_62a04a-44 mark.kt-highlight, .wp-block-kadence-advancedheading.kt-adv-heading2152_62a04a-44[data-kb-block=\"kb-adv-heading2152_62a04a-44\"] mark.kt-highlight{font-style:normal;color:#f76a0c;-webkit-box-decoration-break:clone;box-decoration-break:clone;padding-top:0px;padding-right:0px;padding-bottom:0px;padding-left:0px;}<\/style>\n<div class=\"kt-adv-heading2152_62a04a-44 wp-block-kadence-advancedheading\" data-kb-block=\"kb-adv-heading2152_62a04a-44\"><a href=\"mailto:info@innosciencelab.com\">info@innosciencelab.com<\/a><\/div>\n\n\n<style>.wp-block-kadence-advancedheading.kt-adv-heading2152_bf1419-e9, .wp-block-kadence-advancedheading.kt-adv-heading2152_bf1419-e9[data-kb-block=\"kb-adv-heading2152_bf1419-e9\"]{font-style:normal;}.wp-block-kadence-advancedheading.kt-adv-heading2152_bf1419-e9 mark.kt-highlight, .wp-block-kadence-advancedheading.kt-adv-heading2152_bf1419-e9[data-kb-block=\"kb-adv-heading2152_bf1419-e9\"] mark.kt-highlight{font-style:normal;color:#f76a0c;-webkit-box-decoration-break:clone;box-decoration-break:clone;padding-top:0px;padding-right:0px;padding-bottom:0px;padding-left:0px;}<\/style>\n<h4 class=\"kt-adv-heading2152_bf1419-e9 wp-block-kadence-advancedheading\" data-kb-block=\"kb-adv-heading2152_bf1419-e9\">Telefon<\/h4>\n\n\n<style>.wp-block-kadence-advancedheading.kt-adv-heading2152_f67b05-37, .wp-block-kadence-advancedheading.kt-adv-heading2152_f67b05-37[data-kb-block=\"kb-adv-heading2152_f67b05-37\"]{font-style:normal;}.wp-block-kadence-advancedheading.kt-adv-heading2152_f67b05-37 mark.kt-highlight, .wp-block-kadence-advancedheading.kt-adv-heading2152_f67b05-37[data-kb-block=\"kb-adv-heading2152_f67b05-37\"] mark.kt-highlight{font-style:normal;color:#f76a0c;-webkit-box-decoration-break:clone;box-decoration-break:clone;padding-top:0px;padding-right:0px;padding-bottom:0px;padding-left:0px;}<\/style>\n<div class=\"kt-adv-heading2152_f67b05-37 wp-block-kadence-advancedheading\" data-kb-block=\"kb-adv-heading2152_f67b05-37\">+36 1 381-2204<\/div>\n\n\n<style>.wp-block-kadence-advancedheading.kt-adv-heading2152_57b2ba-97, .wp-block-kadence-advancedheading.kt-adv-heading2152_57b2ba-97[data-kb-block=\"kb-adv-heading2152_57b2ba-97\"]{font-style:normal;}.wp-block-kadence-advancedheading.kt-adv-heading2152_57b2ba-97 mark.kt-highlight, .wp-block-kadence-advancedheading.kt-adv-heading2152_57b2ba-97[data-kb-block=\"kb-adv-heading2152_57b2ba-97\"] mark.kt-highlight{font-style:normal;color:#f76a0c;-webkit-box-decoration-break:clone;box-decoration-break:clone;padding-top:0px;padding-right:0px;padding-bottom:0px;padding-left:0px;}<\/style>\n<h4 class=\"kt-adv-heading2152_57b2ba-97 wp-block-kadence-advancedheading\" data-kb-block=\"kb-adv-heading2152_57b2ba-97\">C\u00e9ginform\u00e1ci\u00f3k<\/h4>\n\n\n<style>.wp-block-kadence-advancedheading.kt-adv-heading2152_463a4b-40, .wp-block-kadence-advancedheading.kt-adv-heading2152_463a4b-40[data-kb-block=\"kb-adv-heading2152_463a4b-40\"]{font-style:normal;}.wp-block-kadence-advancedheading.kt-adv-heading2152_463a4b-40 mark.kt-highlight, .wp-block-kadence-advancedheading.kt-adv-heading2152_463a4b-40[data-kb-block=\"kb-adv-heading2152_463a4b-40\"] mark.kt-highlight{font-style:normal;color:#f76a0c;-webkit-box-decoration-break:clone;box-decoration-break:clone;padding-top:0px;padding-right:0px;padding-bottom:0px;padding-left:0px;}<\/style>\n<div class=\"kt-adv-heading2152_463a4b-40 wp-block-kadence-advancedheading\" data-kb-block=\"kb-adv-heading2152_463a4b-40\"><strong>Innoscience Hungary Nonprofit Kft.<\/strong><br>Ad\u00f3sz\u00e1m: 27277997-2-12<br>C\u00e9gjegyz\u00e9ksz\u00e1m: 12-09-010854<br>C\u00edm: 3143 M\u00e1tranov\u00e1k, B\u00e1tori \u00fat 9.<\/div>\n\n\n\n<p><\/p>\n\n\n\n<p><\/p>\n<\/div><\/div>\n\n\n<style>.kadence-column2152_5cb014-76 > .kt-inside-inner-col,.kadence-column2152_5cb014-76 > .kt-inside-inner-col:before{border-top-left-radius:0px;border-top-right-radius:0px;border-bottom-right-radius:0px;border-bottom-left-radius:0px;}.kadence-column2152_5cb014-76 > .kt-inside-inner-col{column-gap:var(--global-kb-gap-sm, 1rem);}.kadence-column2152_5cb014-76 > .kt-inside-inner-col{flex-direction:column;}.kadence-column2152_5cb014-76 > .kt-inside-inner-col > .aligncenter{width:100%;}.kadence-column2152_5cb014-76 > .kt-inside-inner-col:before{opacity:0.3;}.kadence-column2152_5cb014-76{position:relative;}@media all and (max-width: 1024px){.kadence-column2152_5cb014-76 > .kt-inside-inner-col{flex-direction:column;justify-content:center;}}@media all and (max-width: 767px){.kadence-column2152_5cb014-76 > .kt-inside-inner-col{flex-direction:column;justify-content:center;}}<\/style>\n<div class=\"wp-block-kadence-column kadence-column2152_5cb014-76\"><div class=\"kt-inside-inner-col\"><style>.kb-google-maps-container2152_a23116-a8{height:560px;}<\/style><div class=\"kb-google-maps-container kb-google-maps-container2152_a23116-a8  wp-block-kadence-googlemaps\" data-mapid=\"2152_a23116a8\"><iframe width=\"100%\" height=\"100%\"\n\t\t\t\t\t\t\tstyle=\"border:0\" loading=\"lazy\"\n\t\t\t\t\t\t\tsrc=\"https:\/\/www.google.com\/maps\/embed\/v1\/place?key=AIzaSyBAM2o7PiQqwk15LC1XRH2e_KJ-jUa7KYk&#038;zoom=15&#038;maptype=roadmap&#038;q=1117+Budapest%2C+P%C3%A1zm%C3%A1ny+P%C3%A9ter+s%C3%A9t%C3%A1ny+1%2Fc\"\n\t\t\t\t\t\t\ttitle=\"Google map of 1117 Budapest, P\u00e1zm\u00e1ny P\u00e9ter s\u00e9t\u00e1ny 1\/c\"><\/iframe><\/div><script>function kb_google_map2152_a23116a8() { let center = { lat: 37.8201, lng: -122.4781}; let map = new google.maps.Map(document.getElementById(\"kb-google-map2152_a23116a8\"), {\n\t\t\t\t\t    zoom: 15,\n\t\t\t\t\t    center: center,});let marker = new google.maps.Marker({   position: { lat: 37.8201, lng: -122.4781},    map: map,  });}<\/script><\/div><\/div>\n\n<\/div><\/div>","protected":false},"excerpt":{"rendered":"<p>Contact Address E\u00f6tv\u00f6s Lor\u00e1nd University (ELTE)Department of BiochemistryP\u00e1zm\u00e1ny P\u00e9ter s\u00e9t\u00e1ny 1\/c.Floor 5, Room 5.204Budapest 1117Hungary Email info@innosciencelab.com Phone +36 1 381-2204 Company information Innoscience Hungary Nonprofit Kft.Tax number: 27277997-2-12Registration number: 12-09-010854Address: 3143 M\u00e1tranov\u00e1k, B\u00e1tori \u00fat 9.<\/p>","protected":false},"author":1,"featured_media":0,"parent":0,"menu_order":0,"comment_status":"closed","ping_status":"closed","template":"","meta":{"_acf_changed":false,"_kadence_starter_templates_imported_post":false,"_kad_post_transparent":"","_kad_post_title":"","_kad_post_layout":"","_kad_post_sidebar_id":"","_kad_post_content_style":"","_kad_post_vertical_padding":"","_kad_post_feature":"","_kad_post_feature_position":"","_kad_post_header":false,"_kad_post_footer":false,"footnotes":""},"class_list":["post-2152","page","type-page","status-publish","hentry"],"acf":[],"_links":{"self":[{"href":"https:\/\/innosciencelab.com\/hu\/wp-json\/wp\/v2\/pages\/2152","targetHints":{"allow":["GET"]}}],"collection":[{"href":"https:\/\/innosciencelab.com\/hu\/wp-json\/wp\/v2\/pages"}],"about":[{"href":"https:\/\/innosciencelab.com\/hu\/wp-json\/wp\/v2\/types\/page"}],"author":[{"embeddable":true,"href":"https:\/\/innosciencelab.com\/hu\/wp-json\/wp\/v2\/users\/1"}],"replies":[{"embeddable":true,"href":"https:\/\/innosciencelab.com\/hu\/wp-json\/wp\/v2\/comments?post=2152"}],"version-history":[{"count":10,"href":"https:\/\/innosciencelab.com\/hu\/wp-json\/wp\/v2\/pages\/2152\/revisions"}],"predecessor-version":[{"id":2837,"href":"https:\/\/innosciencelab.com\/hu\/wp-json\/wp\/v2\/pages\/2152\/revisions\/2837"}],"wp:attachment":[{"href":"https:\/\/innosciencelab.com\/hu\/wp-json\/wp\/v2\/media?parent=2152"}],"curies":[{"name":"wp","href":"https:\/\/api.w.org\/{rel}","templated":true}]}}