{"id":2148,"date":"2024-06-07T12:53:34","date_gmt":"2024-06-07T10:53:34","guid":{"rendered":"https:\/\/innosciencelab.com\/?page_id=2148"},"modified":"2026-04-07T08:55:28","modified_gmt":"2026-04-07T06:55:28","slug":"team","status":"publish","type":"page","link":"https:\/\/innosciencelab.com\/hu\/team\/","title":{"rendered":"Tagok"},"content":{"rendered":"<div class=\"team-container\">\n  <div class=\"team-member-card\" onclick=\"window.location.href='dr-gabor-juhasz';\">\n    <img decoding=\"async\" src=\"http:\/\/innosciencelab.com\/wp-content\/uploads\/2024\/08\/JGabor.jpg\" alt=\"Person 1\" class=\"team-photo\">\n    <div class=\"team-info\">\n      <h3>Dr. Juh\u00e1sz G\u00e1bor<\/h3>\n      <p>Vezet\u0151 kutat\u00f3<\/p>\n      <!-- Container for both icons -->\n      <div class=\"icon-container\">\n          <!-- Email icon with a clickable mailto link -->\n          <a href=\"mailto:juhaszgabor@innosciencelab.com\" class=\"email-icon\">\n              <i class=\"fas fa-envelope\"><\/i>\n          <\/a>\n          <!-- MTMT icon with a clickable link -->\n          <a href=\"https:\/\/m2.mtmt.hu\/api\/author\/10002455\" class=\"mtmt-icon\" target=\"_blank\" rel=\"noopener\">\n              <img decoding=\"async\" src=\"http:\/\/innosciencelab.com\/wp-content\/uploads\/2024\/10\/mtmt.png\" alt=\"MTMT Profile\">\n          <\/a>\n      <\/div>\n    <\/div>\n  <\/div>\n  <div class=\"team-member-card\" onclick=\"window.location.href='dr-katalin-kekesi';\">\n    <img decoding=\"async\" src=\"http:\/\/innosciencelab.com\/wp-content\/uploads\/2024\/08\/KekessyK_2.jpg\" alt=\"Person 2\" class=\"team-photo\">\n    <div class=\"team-info\">\n      <h3>Dr. K\u00e9kesi Adrienna Katalin<\/h3>\n      <p>Vezet\u0151 kutat\u00f3<\/p>\n      <!-- Container for both icons -->\n      <div class=\"icon-container\">\n          <!-- Email icon with a clickable mailto link -->\n          <a href=\"mailto:kekesikatalin@innosciencelab.com\" class=\"email-icon\">\n              <i class=\"fas fa-envelope\"><\/i>\n          <\/a>\n          <!-- MTMT icon with a clickable link -->\n          <a href=\"https:\/\/m2.mtmt.hu\/api\/author\/10002435\" class=\"mtmt-icon\" target=\"_blank\" rel=\"noopener\">\n              <img decoding=\"async\" src=\"http:\/\/innosciencelab.com\/wp-content\/uploads\/2024\/10\/mtmt.png\" alt=\"MTMT Profile\">\n          <\/a>\n      <\/div>\n    <\/div>\n  <\/div>\n  <div class=\"team-member-card\" onclick=\"window.location.href='';\">\n    <img decoding=\"async\" src=\"http:\/\/innosciencelab.com\/wp-content\/uploads\/2024\/09\/profpicW.png\" alt=\"\" class=\"team-photo\">\n    <div class=\"team-info\">\n      <h3>Papp Ildik\u00f3<\/h3>\n      <p>P\u00e9nz\u00fcgyi vezet\u0151<\/p>\n      <!-- Container for both icons -->\n      <div class=\"icon-container\">\n          <!-- Email icon with a clickable mailto link -->\n          <a href=\"mailto:pappildiko@innosciencelab.com\" class=\"email-icon\">\n              <i class=\"fas fa-envelope\"><\/i>\n          <\/a>\n        <\/div>\n    <\/div>\n<\/div>\n\n\n\n<div class=\"team-container\">\n  <div class=\"team-member-card\" onclick=\"window.location.href='tukacs-vanda';\">\n    <img decoding=\"async\" src=\"http:\/\/innosciencelab.com\/wp-content\/uploads\/2026\/01\/Vanda_CV.jpeg\" alt=\"Person 4\" class=\"team-photo\">\n    <div class=\"team-info\">\n      <h3>Tukacs Vanda<\/h3>\n      <p>Postdoctoral researcher<\/p>\n      <!-- Container for both icons -->\n      <div class=\"icon-container\">\n          <!-- Email icon with a clickable mailto link -->\n          <a href=\"mailto:tukacs.vanda@gmail.com\" class=\"email-icon\">\n              <i class=\"fas fa-envelope\"><\/i>\n          <\/a>\n          <!-- MTMT icon with a clickable link -->\n          <a href=\"https:\/\/m2.mtmt.hu\/api\/author\/10069802\" class=\"mtmt-icon\" target=\"_blank\" rel=\"noopener\">\n              <img decoding=\"async\" src=\"http:\/\/innosciencelab.com\/wp-content\/uploads\/2024\/10\/mtmt.png\" alt=\"MTMT Profile\">\n          <\/a>\n      <\/div>\n    <\/div>\n  <\/div>\n  <div class=\"team-member-card\" onclick=\"window.location.href='dominik-matyas';\">\n    <img decoding=\"async\" src=\"http:\/\/innosciencelab.com\/wp-content\/uploads\/2024\/09\/profpicM.webp\" alt=\"Person 5\" class=\"team-photo\">\n    <div class=\"team-info\">\n      <h3>M\u00e1ty\u00e1s Dominik<\/h3>\n      <p>PhD hallgat\u00f3<\/p>\n      <!-- Container for both icons -->\n      <div class=\"icon-container\">\n          <!-- Email icon with a clickable mailto link -->\n          <a href=\"mailto:dominikmatyas@protonmail.com\" class=\"email-icon\">\n              <i class=\"fas fa-envelope\"><\/i>\n          <\/a>\n          <!-- MTMT icon with a clickable link -->\n          <a href=\"https:\/\/m2.mtmt.hu\/api\/author\/10084540\" class=\"mtmt-icon\" target=\"_blank\" rel=\"noopener\">\n              <img decoding=\"async\" src=\"http:\/\/innosciencelab.com\/wp-content\/uploads\/2024\/10\/mtmt.png\" alt=\"MTMT Profile\">\n          <\/a>\n      <\/div>\n    <\/div>\n  <\/div>\n  <div class=\"team-member-card\" onclick=\"window.location.href='stefania-pap';\">\n    <img decoding=\"async\" src=\"http:\/\/innosciencelab.com\/wp-content\/uploads\/2024\/09\/profpicW.png\" alt=\"Person 6\" class=\"team-photo\">\n    <div class=\"team-info\">\n      <h3>Pap Stef\u00e1nia<\/h3>\n      <p>PhD hallgat\u00f3<\/p>\n      <!-- Container for both icons -->\n      <div class=\"icon-container\">\n          <!-- Email icon with a clickable mailto link -->\n          <a href=\"mailto:pap.stefii@gmail.com\" class=\"email-icon\">\n              <i class=\"fas fa-envelope\"><\/i>\n          <\/a>\n        <\/div>\n    <\/div>\n  <\/div>\n<\/div>\n\n\n\n<p><\/p>","protected":false},"excerpt":{"rendered":"<p>Dr. G\u00e1bor Juh\u00e1sz Principal Investigator Dr. Katalin Adrienna K\u00e9kesi Principal Investigator Ildik\u00f3 Papp Financial Manager Vanda Tukacs Postdoctoral researcher Dominik M\u00e1ty\u00e1s PhD student Stef\u00e1nia Pap PhD student<\/p>","protected":false},"author":1,"featured_media":0,"parent":0,"menu_order":0,"comment_status":"closed","ping_status":"closed","template":"","meta":{"_acf_changed":false,"_kadence_starter_templates_imported_post":false,"_kad_post_transparent":"","_kad_post_title":"","_kad_post_layout":"","_kad_post_sidebar_id":"","_kad_post_content_style":"","_kad_post_vertical_padding":"","_kad_post_feature":"","_kad_post_feature_position":"","_kad_post_header":false,"_kad_post_footer":false,"footnotes":""},"class_list":["post-2148","page","type-page","status-publish","hentry"],"acf":[],"_links":{"self":[{"href":"https:\/\/innosciencelab.com\/hu\/wp-json\/wp\/v2\/pages\/2148","targetHints":{"allow":["GET"]}}],"collection":[{"href":"https:\/\/innosciencelab.com\/hu\/wp-json\/wp\/v2\/pages"}],"about":[{"href":"https:\/\/innosciencelab.com\/hu\/wp-json\/wp\/v2\/types\/page"}],"author":[{"embeddable":true,"href":"https:\/\/innosciencelab.com\/hu\/wp-json\/wp\/v2\/users\/1"}],"replies":[{"embeddable":true,"href":"https:\/\/innosciencelab.com\/hu\/wp-json\/wp\/v2\/comments?post=2148"}],"version-history":[{"count":53,"href":"https:\/\/innosciencelab.com\/hu\/wp-json\/wp\/v2\/pages\/2148\/revisions"}],"predecessor-version":[{"id":2897,"href":"https:\/\/innosciencelab.com\/hu\/wp-json\/wp\/v2\/pages\/2148\/revisions\/2897"}],"wp:attachment":[{"href":"https:\/\/innosciencelab.com\/hu\/wp-json\/wp\/v2\/media?parent=2148"}],"curies":[{"name":"wp","href":"https:\/\/api.w.org\/{rel}","templated":true}]}}